{"id":107,"date":"2025-03-30T17:35:17","date_gmt":"2025-03-30T17:35:17","guid":{"rendered":"http:\/\/bodywork-kaethe.de\/?page_id=107"},"modified":"2025-06-23T19:14:26","modified_gmt":"2025-06-23T19:14:26","slug":"about","status":"publish","type":"page","link":"https:\/\/bodywork-kaethe.de\/en\/about\/","title":{"rendered":"About"},"content":{"rendered":"<div data-elementor-type=\"wp-page\" data-elementor-id=\"107\" class=\"elementor elementor-107\">\n\t\t\t\t<div class=\"elementor-element elementor-element-afd5001 e-grid e-con-full multiply-image e-con e-parent\" data-id=\"afd5001\" data-element_type=\"container\" data-e-type=\"container\" id=\"top\" data-settings=\"{&quot;background_background&quot;:&quot;classic&quot;}\">\n\t\t\t\t<div class=\"elementor-element elementor-element-e02849f multiply-text elementor-widget elementor-widget-heading\" data-id=\"e02849f\" data-element_type=\"widget\" data-e-type=\"widget\" data-widget_type=\"heading.default\">\n\t\t\t\t<div class=\"elementor-widget-container\">\n\t\t\t\t\t<h2 class=\"elementor-heading-title elementor-size-default\">What is <p>Bodywork?<\/h2>\t\t\t\t<\/div>\n\t\t\t\t<\/div>\n\t\t\t\t<\/div>\n\t\t<div class=\"elementor-element elementor-element-5c46706 e-con-full e-flex e-con e-parent\" data-id=\"5c46706\" data-element_type=\"container\" data-e-type=\"container\" data-settings=\"{&quot;background_background&quot;:&quot;classic&quot;}\">\n\t\t<div class=\"elementor-element elementor-element-1164d9e e-grid e-con-boxed e-con e-child\" data-id=\"1164d9e\" data-element_type=\"container\" data-e-type=\"container\">\n\t\t\t\t\t<div class=\"e-con-inner\">\n\t\t<div class=\"elementor-element elementor-element-ab0a380 e-con-full e-flex e-con e-child\" data-id=\"ab0a380\" data-element_type=\"container\" data-e-type=\"container\" data-settings=\"{&quot;background_background&quot;:&quot;classic&quot;}\">\n\t\t\t\t<div class=\"elementor-element elementor-element-e4b3399 elementor-widget elementor-widget-text-editor\" data-id=\"e4b3399\" data-element_type=\"widget\" data-e-type=\"widget\" data-widget_type=\"text-editor.default\">\n\t\t\t\t<div class=\"elementor-widget-container\">\n\t\t\t\t\t\t\t\t\t<p>The term actually describes exactly what it entails \u2013 working with the body.<\/p>\t\t\t\t\t\t\t\t<\/div>\n\t\t\t\t<\/div>\n\t\t\t\t<\/div>\n\t\t\t\t\t<\/div>\n\t\t\t\t<\/div>\n\t\t<div class=\"elementor-element elementor-element-713ce5b e-grid e-con-boxed e-con e-child\" data-id=\"713ce5b\" data-element_type=\"container\" data-e-type=\"container\" data-settings=\"{&quot;background_background&quot;:&quot;classic&quot;}\">\n\t\t\t\t\t<div class=\"e-con-inner\">\n\t\t<div class=\"elementor-element elementor-element-40a78b9 e-con-full e-flex e-con e-child\" data-id=\"40a78b9\" data-element_type=\"container\" data-e-type=\"container\">\n\t\t<div class=\"elementor-element elementor-element-4b2fa53 e-con-full e-flex e-con e-child\" data-id=\"4b2fa53\" data-element_type=\"container\" data-e-type=\"container\" data-settings=\"{&quot;background_background&quot;:&quot;classic&quot;}\">\n\t\t\t\t<div class=\"elementor-element elementor-element-d98435a elementor-widget elementor-widget-text-editor\" data-id=\"d98435a\" data-element_type=\"widget\" data-e-type=\"widget\" data-widget_type=\"text-editor.default\">\n\t\t\t\t<div class=\"elementor-widget-container\">\n\t\t\t\t\t\t\t\t\t<p>It's not about optimizing performance, but rather about allowing yourself to <strong>simply be.<\/strong><\/p><p>My work is based on collaboration. <strong>This means that we learn and explore together with your body. Using various forms of touch, breath, movement, and voice, I accompany you through your personal processes.<\/strong> My touch and impulses are invitations designed to support you in consciously sensing yourself and your body. I want to encourage you to stay curious!\u00a0<\/p><p>My aim is to <strong>offer you a safe space to meet yourself, to unfold, and to trust your impulses.<\/strong> This also means that you can speak up or pause at any time if something feels uncomfortable. In this collaborative process, you as the client actively participate in the sessions.<\/p>\t\t\t\t\t\t\t\t<\/div>\n\t\t\t\t<\/div>\n\t\t\t\t<\/div>\n\t\t\t\t<div class=\"elementor-element elementor-element-81acf67 elementor-hidden-mobile multiply-image elementor-widget elementor-widget-image\" data-id=\"81acf67\" data-element_type=\"widget\" data-e-type=\"widget\" data-widget_type=\"image.default\">\n\t\t\t\t<div class=\"elementor-widget-container\">\n\t\t\t\t\t\t\t\t\t\t\t\t\t\t\t<img decoding=\"async\" src=\"https:\/\/bodywork-kaethe.de\/wp-content\/uploads\/2025\/04\/Kaethe_Herz_blau.png\" title=\"\" alt=\"\" loading=\"lazy\" \/>\t\t\t\t\t\t\t\t\t\t\t\t\t\t\t<\/div>\n\t\t\t\t<\/div>\n\t\t\t\t<\/div>\n\t\t<div class=\"elementor-element elementor-element-3f3005d e-con-full e-flex e-con e-child\" data-id=\"3f3005d\" data-element_type=\"container\" data-e-type=\"container\">\n\t\t<div class=\"elementor-element elementor-element-f7cfb3f e-con-full bdt-backdrop-filter-yes multiply-image e-flex bdt-filter-backdrop e-con e-child\" data-id=\"f7cfb3f\" data-element_type=\"container\" data-e-type=\"container\">\n\t\t\t\t<div class=\"elementor-element elementor-element-825227f bdt-backdrop-filter-yes multiply-image bdt-filter-backdrop elementor-widget elementor-widget-image\" data-id=\"825227f\" data-element_type=\"widget\" data-e-type=\"widget\" data-widget_type=\"image.default\">\n\t\t\t\t<div class=\"elementor-widget-container\">\n\t\t\t\t\t\t\t\t\t\t\t\t\t\t\t<img decoding=\"async\" src=\"https:\/\/bodywork-kaethe.de\/wp-content\/uploads\/2025\/04\/Swhoosies_V03_2_Swooshi.png\" title=\"\" alt=\"\" loading=\"lazy\" \/>\t\t\t\t\t\t\t\t\t\t\t\t\t\t\t<\/div>\n\t\t\t\t<\/div>\n\t\t\t\t<\/div>\n\t\t<div class=\"elementor-element elementor-element-315513f e-con-full bdt-backdrop-filter-yes e-flex bdt-filter-backdrop e-con e-child\" data-id=\"315513f\" data-element_type=\"container\" data-e-type=\"container\" data-settings=\"{&quot;background_background&quot;:&quot;classic&quot;}\">\n\t\t\t\t<div class=\"elementor-element elementor-element-a36a5d0 elementor-widget elementor-widget-text-editor\" data-id=\"a36a5d0\" data-element_type=\"widget\" data-e-type=\"widget\" data-widget_type=\"text-editor.default\">\n\t\t\t\t<div class=\"elementor-widget-container\">\n\t\t\t\t\t\t\t\t\t<p>Bodywork can be a wonderful complement to cognitive process work and is an invitation to move from the mind into feeling.\u00a0<\/p><p>My work includes body-based process facilitation in <strong>individual sessions, as well as group workshops<\/strong> to foster somatic awareness and holistic self-exploration.\u00a0<\/p>\t\t\t\t\t\t\t\t<\/div>\n\t\t\t\t<\/div>\n\t\t\t\t<\/div>\n\t\t\t\t<\/div>\n\t\t\t\t\t<\/div>\n\t\t\t\t<\/div>\n\t\t<div class=\"elementor-element elementor-element-939ec9e e-con-full elementor-hidden-mobile e-flex e-con e-child\" data-id=\"939ec9e\" data-element_type=\"container\" data-e-type=\"container\">\n\t\t\t\t<div class=\"elementor-element elementor-element-6b21a82 multiply-image elementor-widget elementor-widget-image\" data-id=\"6b21a82\" data-element_type=\"widget\" data-e-type=\"widget\" data-widget_type=\"image.default\">\n\t\t\t\t<div class=\"elementor-widget-container\">\n\t\t\t\t\t\t\t\t\t\t\t\t\t\t\t<img decoding=\"async\" src=\"https:\/\/bodywork-kaethe.de\/wp-content\/uploads\/2025\/04\/Hand_01.png\" title=\"\" alt=\"\" loading=\"lazy\" \/>\t\t\t\t\t\t\t\t\t\t\t\t\t\t\t<\/div>\n\t\t\t\t<\/div>\n\t\t\t\t<\/div>\n\t\t\t\t<\/div>\n\t\t<div class=\"elementor-element elementor-element-eb3c61a e-con-full e-flex e-con e-parent\" data-id=\"eb3c61a\" data-element_type=\"container\" data-e-type=\"container\" data-settings=\"{&quot;background_background&quot;:&quot;classic&quot;}\">\n\t\t<div class=\"elementor-element elementor-element-b83e99a e-grid e-con-boxed e-con e-child\" data-id=\"b83e99a\" data-element_type=\"container\" data-e-type=\"container\">\n\t\t\t\t\t<div class=\"e-con-inner\">\n\t\t\t\t<div class=\"elementor-element elementor-element-bb64841 elementor-widget elementor-widget-text-editor\" data-id=\"bb64841\" data-element_type=\"widget\" data-e-type=\"widget\" data-widget_type=\"text-editor.default\">\n\t\t\t\t<div class=\"elementor-widget-container\">\n\t\t\t\t\t\t\t\t\tHere\u2019s how sessions <p>\n\nusually proceed:\t\t\t\t\t\t\t\t<\/div>\n\t\t\t\t<\/div>\n\t\t\t\t\t<\/div>\n\t\t\t\t<\/div>\n\t\t<div class=\"elementor-element elementor-element-6a365f4 e-grid elementor-hidden-mobile e-con-boxed e-con e-child\" data-id=\"6a365f4\" data-element_type=\"container\" data-e-type=\"container\">\n\t\t\t\t\t<div class=\"e-con-inner\">\n\t\t\t\t<div class=\"elementor-element elementor-element-ebbfc4b elementor-widget elementor-widget-spacer\" data-id=\"ebbfc4b\" data-element_type=\"widget\" data-e-type=\"widget\" data-widget_type=\"spacer.default\">\n\t\t\t\t<div class=\"elementor-widget-container\">\n\t\t\t\t\t\t\t<div class=\"elementor-spacer\">\n\t\t\t<div class=\"elementor-spacer-inner\"><\/div>\n\t\t<\/div>\n\t\t\t\t\t\t<\/div>\n\t\t\t\t<\/div>\n\t\t\t\t\t<\/div>\n\t\t\t\t<\/div>\n\t\t<div class=\"elementor-element elementor-element-9be368c e-grid e-con-boxed e-con e-child\" data-id=\"9be368c\" data-element_type=\"container\" data-e-type=\"container\">\n\t\t\t\t\t<div class=\"e-con-inner\">\n\t\t<div class=\"elementor-element elementor-element-e804ed9 e-con-full e-flex e-con e-child\" data-id=\"e804ed9\" data-element_type=\"container\" data-e-type=\"container\">\n\t\t<div class=\"elementor-element elementor-element-d9160d1 e-con-full e-flex e-con e-child\" data-id=\"d9160d1\" data-element_type=\"container\" data-e-type=\"container\">\n\t\t<div class=\"elementor-element elementor-element-4cd5d5d e-con-full e-flex e-con e-child\" data-id=\"4cd5d5d\" data-element_type=\"container\" data-e-type=\"container\" data-settings=\"{&quot;background_background&quot;:&quot;classic&quot;}\">\n\t\t\t\t<div class=\"elementor-element elementor-element-82e2bdd elementor-widget elementor-widget-text-editor\" data-id=\"82e2bdd\" data-element_type=\"widget\" data-e-type=\"widget\" data-widget_type=\"text-editor.default\">\n\t\t\t\t<div class=\"elementor-widget-container\">\n\t\t\t\t\t\t\t\t\t<p>Conversation<\/p>\t\t\t\t\t\t\t\t<\/div>\n\t\t\t\t<\/div>\n\t\t\t\t<\/div>\n\t\t\t\t<\/div>\n\t\t<div class=\"elementor-element elementor-element-7a1dec1 e-con-full e-flex e-con e-child\" data-id=\"7a1dec1\" data-element_type=\"container\" data-e-type=\"container\" data-settings=\"{&quot;background_background&quot;:&quot;classic&quot;}\">\n\t\t<div class=\"elementor-element elementor-element-44ba909 e-grid e-con-full e-con e-child\" data-id=\"44ba909\" data-element_type=\"container\" data-e-type=\"container\">\n\t\t\t\t<div class=\"elementor-element elementor-element-cc53bdd elementor-widget elementor-widget-text-editor\" data-id=\"cc53bdd\" data-element_type=\"widget\" data-e-type=\"widget\" data-widget_type=\"text-editor.default\">\n\t\t\t\t<div class=\"elementor-widget-container\">\n\t\t\t\t\t\t\t\t\t<p>In the preliminary conversation, we discuss your personal concerns. <strong>Why are you here? What is on your mind?<\/strong><br \/><br \/>Together, we explore if and where you may already <strong>notice physical connections<\/strong> related to your issues and <strong>set a goal.\u00a0<\/strong><\/p>\t\t\t\t\t\t\t\t<\/div>\n\t\t\t\t<\/div>\n\t\t\t\t<div class=\"elementor-element elementor-element-95efe81 multiply-image elementor-widget elementor-widget-image\" data-id=\"95efe81\" data-element_type=\"widget\" data-e-type=\"widget\" data-widget_type=\"image.default\">\n\t\t\t\t<div class=\"elementor-widget-container\">\n\t\t\t\t\t\t\t\t\t\t\t\t\t\t\t<img fetchpriority=\"high\" decoding=\"async\" width=\"768\" height=\"980\" src=\"https:\/\/bodywork-kaethe.de\/wp-content\/uploads\/2025\/04\/Swhoosies_V09_Swooshi-768x980.png\" class=\"attachment-medium_large size-medium_large wp-image-214\" alt=\"\" srcset=\"https:\/\/bodywork-kaethe.de\/wp-content\/uploads\/2025\/04\/Swhoosies_V09_Swooshi-768x980.png 768w, https:\/\/bodywork-kaethe.de\/wp-content\/uploads\/2025\/04\/Swhoosies_V09_Swooshi-235x300.png 235w, https:\/\/bodywork-kaethe.de\/wp-content\/uploads\/2025\/04\/Swhoosies_V09_Swooshi-803x1024.png 803w, https:\/\/bodywork-kaethe.de\/wp-content\/uploads\/2025\/04\/Swhoosies_V09_Swooshi-1204x1536.png 1204w, https:\/\/bodywork-kaethe.de\/wp-content\/uploads\/2025\/04\/Swhoosies_V09_Swooshi.png 1327w\" sizes=\"(max-width: 768px) 100vw, 768px\" \/>\t\t\t\t\t\t\t\t\t\t\t\t\t\t\t<\/div>\n\t\t\t\t<\/div>\n\t\t\t\t<\/div>\n\t\t<div class=\"elementor-element elementor-element-590b848 e-con-full e-flex e-con e-child\" data-id=\"590b848\" data-element_type=\"container\" data-e-type=\"container\">\n\t\t\t\t<div class=\"elementor-element elementor-element-8677308 elementor-widget elementor-widget-text-editor\" data-id=\"8677308\" data-element_type=\"widget\" data-e-type=\"widget\" data-widget_type=\"text-editor.default\">\n\t\t\t\t<div class=\"elementor-widget-container\">\n\t\t\t\t\t\t\t\t\t<p>To get an overview, all clients fill out a questionnaire at the beginning of the first session, which we review together during the preliminary conversation.<\/p>\t\t\t\t\t\t\t\t<\/div>\n\t\t\t\t<\/div>\n\t\t\t\t<\/div>\n\t\t\t\t<\/div>\n\t\t\t\t<\/div>\n\t\t<div class=\"elementor-element elementor-element-46eebd7 e-con-full e-flex e-con e-child\" data-id=\"46eebd7\" data-element_type=\"container\" data-e-type=\"container\">\n\t\t<div class=\"elementor-element elementor-element-22dc096 e-con-full e-flex e-con e-child\" data-id=\"22dc096\" data-element_type=\"container\" data-e-type=\"container\">\n\t\t<div class=\"elementor-element elementor-element-6a34904 e-con-full e-flex e-con e-child\" data-id=\"6a34904\" data-element_type=\"container\" data-e-type=\"container\" data-settings=\"{&quot;background_background&quot;:&quot;classic&quot;}\">\n\t\t\t\t<div class=\"elementor-element elementor-element-d49fcf0 elementor-widget elementor-widget-text-editor\" data-id=\"d49fcf0\" data-element_type=\"widget\" data-e-type=\"widget\" data-widget_type=\"text-editor.default\">\n\t\t\t\t<div class=\"elementor-widget-container\">\n\t\t\t\t\t\t\t\t\t<p>practice<\/p>\t\t\t\t\t\t\t\t<\/div>\n\t\t\t\t<\/div>\n\t\t\t\t<\/div>\n\t\t\t\t<\/div>\n\t\t<div class=\"elementor-element elementor-element-91a0177 e-con-full e-flex e-con e-child\" data-id=\"91a0177\" data-element_type=\"container\" data-e-type=\"container\" data-settings=\"{&quot;background_background&quot;:&quot;classic&quot;}\">\n\t\t<div class=\"elementor-element elementor-element-27db878 e-con-full e-flex e-con e-child\" data-id=\"27db878\" data-element_type=\"container\" data-e-type=\"container\">\n\t\t\t\t<div class=\"elementor-element elementor-element-94e8d8e elementor-widget elementor-widget-text-editor\" data-id=\"94e8d8e\" data-element_type=\"widget\" data-e-type=\"widget\" data-widget_type=\"text-editor.default\">\n\t\t\t\t<div class=\"elementor-widget-container\">\n\t\t\t\t\t\t\t\t\t<p>The practical session itself usually begins and ends lying down. However, you are free and warmly invited to move, change position, or stand up\u2014whatever you need at the moment.<\/p>\t\t\t\t\t\t\t\t<\/div>\n\t\t\t\t<\/div>\n\t\t\t\t<\/div>\n\t\t<div class=\"elementor-element elementor-element-db1909a e-grid e-con-full e-con e-child\" data-id=\"db1909a\" data-element_type=\"container\" data-e-type=\"container\">\n\t\t\t\t<div class=\"elementor-element elementor-element-d4de90a elementor-widget elementor-widget-text-editor\" data-id=\"d4de90a\" data-element_type=\"widget\" data-e-type=\"widget\" data-widget_type=\"text-editor.default\">\n\t\t\t\t<div class=\"elementor-widget-container\">\n\t\t\t\t\t\t\t\t\t<p>You can think of my touches like flashlights that help you see and feel the areas being touched more clearly. Together, we observe <strong>which patterns become noticeable<\/strong> in the body.<\/p><p>What can you perceive? You can learn to improve your <strong>access to body awareness<\/strong> in order to better recognize your <strong>boundaries and needs,<\/strong> stand up for yourself, and unfold your potential.\u00a0<\/p>\t\t\t\t\t\t\t\t<\/div>\n\t\t\t\t<\/div>\n\t\t\t\t<div class=\"elementor-element elementor-element-9bd4595 multiply-image elementor-widget elementor-widget-image\" data-id=\"9bd4595\" data-element_type=\"widget\" data-e-type=\"widget\" data-widget_type=\"image.default\">\n\t\t\t\t<div class=\"elementor-widget-container\">\n\t\t\t\t\t\t\t\t\t\t\t\t\t\t\t<img decoding=\"async\" width=\"768\" height=\"1375\" src=\"https:\/\/bodywork-kaethe.de\/wp-content\/uploads\/2025\/04\/Swhoosies_V05_Swooshi-768x1375.png\" class=\"attachment-medium_large size-medium_large wp-image-215\" alt=\"\" srcset=\"https:\/\/bodywork-kaethe.de\/wp-content\/uploads\/2025\/04\/Swhoosies_V05_Swooshi-768x1375.png 768w, https:\/\/bodywork-kaethe.de\/wp-content\/uploads\/2025\/04\/Swhoosies_V05_Swooshi-168x300.png 168w, https:\/\/bodywork-kaethe.de\/wp-content\/uploads\/2025\/04\/Swhoosies_V05_Swooshi-572x1024.png 572w, https:\/\/bodywork-kaethe.de\/wp-content\/uploads\/2025\/04\/Swhoosies_V05_Swooshi-858x1536.png 858w, https:\/\/bodywork-kaethe.de\/wp-content\/uploads\/2025\/04\/Swhoosies_V05_Swooshi-1143x2048.png 1143w, https:\/\/bodywork-kaethe.de\/wp-content\/uploads\/2025\/04\/Swhoosies_V05_Swooshi.png 1177w\" sizes=\"(max-width: 768px) 100vw, 768px\" \/>\t\t\t\t\t\t\t\t\t\t\t\t\t\t\t<\/div>\n\t\t\t\t<\/div>\n\t\t\t\t<\/div>\n\t\t<div class=\"elementor-element elementor-element-c4e6dea e-con-full e-flex e-con e-child\" data-id=\"c4e6dea\" data-element_type=\"container\" data-e-type=\"container\">\n\t\t\t\t<div class=\"elementor-element elementor-element-6c1ce75 elementor-widget elementor-widget-text-editor\" data-id=\"6c1ce75\" data-element_type=\"widget\" data-e-type=\"widget\" data-widget_type=\"text-editor.default\">\n\t\t\t\t<div class=\"elementor-widget-container\">\n\t\t\t\t\t\t\t\t\t<p>I guide you to breathe <strong>freely and deeply,<\/strong> to locate and release tension, <strong>to notice and allow emotions,<\/strong> and to integrate them physically.\u00a0<\/p>\t\t\t\t\t\t\t\t<\/div>\n\t\t\t\t<\/div>\n\t\t\t\t<\/div>\n\t\t\t\t<\/div>\n\t\t\t\t<\/div>\n\t\t\t\t\t<\/div>\n\t\t\t\t<\/div>\n\t\t<div class=\"elementor-element elementor-element-0fc967b e-grid e-con-boxed e-con e-child\" data-id=\"0fc967b\" data-element_type=\"container\" data-e-type=\"container\">\n\t\t\t\t\t<div class=\"e-con-inner\">\n\t\t<div class=\"elementor-element elementor-element-d70fc72 e-con-full e-flex e-con e-child\" data-id=\"d70fc72\" data-element_type=\"container\" data-e-type=\"container\">\n\t\t<div class=\"elementor-element elementor-element-7b1b13e e-con-full e-flex e-con e-child\" data-id=\"7b1b13e\" data-element_type=\"container\" data-e-type=\"container\">\n\t\t<div class=\"elementor-element elementor-element-9827945 e-con-full e-flex e-con e-child\" data-id=\"9827945\" data-element_type=\"container\" data-e-type=\"container\" data-settings=\"{&quot;background_background&quot;:&quot;classic&quot;}\">\n\t\t\t\t<div class=\"elementor-element elementor-element-0f9f043 elementor-widget elementor-widget-text-editor\" data-id=\"0f9f043\" data-element_type=\"widget\" data-e-type=\"widget\" data-widget_type=\"text-editor.default\">\n\t\t\t\t<div class=\"elementor-widget-container\">\n\t\t\t\t\t\t\t\t\t<p>integration<\/p>\t\t\t\t\t\t\t\t<\/div>\n\t\t\t\t<\/div>\n\t\t\t\t<\/div>\n\t\t\t\t<\/div>\n\t\t<div class=\"elementor-element elementor-element-44e6694 e-con-full e-flex e-con e-child\" data-id=\"44e6694\" data-element_type=\"container\" data-e-type=\"container\" data-settings=\"{&quot;background_background&quot;:&quot;classic&quot;}\">\n\t\t<div class=\"elementor-element elementor-element-d193614 e-grid e-con-full e-con e-child\" data-id=\"d193614\" data-element_type=\"container\" data-e-type=\"container\">\n\t\t\t\t<div class=\"elementor-element elementor-element-c78963d elementor-widget elementor-widget-text-editor\" data-id=\"c78963d\" data-element_type=\"widget\" data-e-type=\"widget\" data-widget_type=\"text-editor.default\">\n\t\t\t\t<div class=\"elementor-widget-container\">\n\t\t\t\t\t\t\t\t\t<p>At the end, you have time to rest for a moment and <strong>integrate the experience.<\/strong><\/p><p>Each session concludes with a brief <strong>follow-up conversation<\/strong> and possibly exercises for home.<\/p>\t\t\t\t\t\t\t\t<\/div>\n\t\t\t\t<\/div>\n\t\t\t\t<div class=\"elementor-element elementor-element-44b4de3 multiply-image elementor-widget elementor-widget-image\" data-id=\"44b4de3\" data-element_type=\"widget\" data-e-type=\"widget\" data-widget_type=\"image.default\">\n\t\t\t\t<div class=\"elementor-widget-container\">\n\t\t\t\t\t\t\t\t\t\t\t\t\t\t\t<img decoding=\"async\" width=\"768\" height=\"734\" src=\"https:\/\/bodywork-kaethe.de\/wp-content\/uploads\/2025\/04\/Swhoosies_V02_Swooshi-768x734.png\" class=\"attachment-medium_large size-medium_large wp-image-213\" alt=\"\" srcset=\"https:\/\/bodywork-kaethe.de\/wp-content\/uploads\/2025\/04\/Swhoosies_V02_Swooshi-768x734.png 768w, https:\/\/bodywork-kaethe.de\/wp-content\/uploads\/2025\/04\/Swhoosies_V02_Swooshi-300x287.png 300w, https:\/\/bodywork-kaethe.de\/wp-content\/uploads\/2025\/04\/Swhoosies_V02_Swooshi-1024x979.png 1024w, https:\/\/bodywork-kaethe.de\/wp-content\/uploads\/2025\/04\/Swhoosies_V02_Swooshi.png 1164w\" sizes=\"(max-width: 768px) 100vw, 768px\" \/>\t\t\t\t\t\t\t\t\t\t\t\t\t\t\t<\/div>\n\t\t\t\t<\/div>\n\t\t\t\t<\/div>\n\t\t\t\t<\/div>\n\t\t\t\t<\/div>\n\t\t\t\t\t<\/div>\n\t\t\t\t<\/div>\n\t\t<div class=\"elementor-element elementor-element-9472aa9 e-flex e-con-boxed e-con e-child\" data-id=\"9472aa9\" data-element_type=\"container\" data-e-type=\"container\">\n\t\t\t\t\t<div class=\"e-con-inner\">\n\t\t<div data-ep-wrapper-link=\"{&quot;url&quot;:&quot;http:\\\/\\\/bodywork-kaethe.de\\\/booking&quot;,&quot;is_external&quot;:&quot;&quot;,&quot;nofollow&quot;:&quot;&quot;,&quot;custom_attributes&quot;:&quot;&quot;}\" style=\"cursor: pointer\" class=\"bdt-element-link elementor-element elementor-element-67a46f0 e-con-full e-flex e-con e-child\" data-id=\"67a46f0\" data-element_type=\"container\" data-e-type=\"container\" data-settings=\"{&quot;background_background&quot;:&quot;classic&quot;}\">\n\t\t\t\t<div class=\"elementor-element elementor-element-c092ef6 elementor-widget elementor-widget-text-editor\" data-id=\"c092ef6\" data-element_type=\"widget\" data-e-type=\"widget\" data-widget_type=\"text-editor.default\">\n\t\t\t\t<div class=\"elementor-widget-container\">\n\t\t\t\t\t\t\t\t\t<p><a href=\"http:\/\/bodywork-kaethe.de\/en\/booking\/\">You can book an appointment here. \u2192<\/a><\/p>\t\t\t\t\t\t\t\t<\/div>\n\t\t\t\t<\/div>\n\t\t\t\t<\/div>\n\t\t\t\t\t<\/div>\n\t\t\t\t<\/div>\n\t\t<div class=\"elementor-element elementor-element-fe68374 e-con-full elementor-hidden-mobile e-flex e-con e-child\" data-id=\"fe68374\" data-element_type=\"container\" data-e-type=\"container\">\n\t\t\t\t<div class=\"elementor-element elementor-element-62b932c elementor-widget elementor-widget-image\" data-id=\"62b932c\" data-element_type=\"widget\" data-e-type=\"widget\" data-widget_type=\"image.default\">\n\t\t\t\t<div class=\"elementor-widget-container\">\n\t\t\t\t\t\t\t\t\t\t\t\t\t\t\t<img loading=\"lazy\" decoding=\"async\" width=\"768\" height=\"618\" src=\"https:\/\/bodywork-kaethe.de\/wp-content\/uploads\/2025\/04\/Hand_03-768x618.png\" class=\"attachment-medium_large size-medium_large wp-image-157\" alt=\"\" srcset=\"https:\/\/bodywork-kaethe.de\/wp-content\/uploads\/2025\/04\/Hand_03-768x618.png 768w, https:\/\/bodywork-kaethe.de\/wp-content\/uploads\/2025\/04\/Hand_03-300x241.png 300w, https:\/\/bodywork-kaethe.de\/wp-content\/uploads\/2025\/04\/Hand_03-1024x824.png 1024w, https:\/\/bodywork-kaethe.de\/wp-content\/uploads\/2025\/04\/Hand_03-1536x1236.png 1536w, https:\/\/bodywork-kaethe.de\/wp-content\/uploads\/2025\/04\/Hand_03-2048x1648.png 2048w\" sizes=\"(max-width: 768px) 100vw, 768px\" \/>\t\t\t\t\t\t\t\t\t\t\t\t\t\t\t<\/div>\n\t\t\t\t<\/div>\n\t\t\t\t<\/div>\n\t\t\t\t<\/div>\n\t\t<div data-ep-wrapper-link=\"{&quot;url&quot;:&quot;#top&quot;,&quot;is_external&quot;:&quot;&quot;,&quot;nofollow&quot;:&quot;&quot;,&quot;custom_attributes&quot;:&quot;&quot;}\" style=\"cursor: pointer\" class=\"bdt-element-link elementor-element elementor-element-507a4715 e-flex e-con-boxed e-con e-child\" data-id=\"507a4715\" data-element_type=\"container\" data-e-type=\"container\" data-settings=\"{&quot;background_background&quot;:&quot;classic&quot;}\">\n\t\t\t\t\t<div class=\"e-con-inner\">\n\t\t<div class=\"elementor-element elementor-element-2cc4ebd3 e-grid e-con-full e-con e-child\" data-id=\"2cc4ebd3\" data-element_type=\"container\" data-e-type=\"container\">\n\t\t\t\t<div class=\"elementor-element elementor-element-7856bf29 elementor-align-right elementor-mobile-align-center elementor-widget elementor-widget-button\" data-id=\"7856bf29\" data-element_type=\"widget\" data-e-type=\"widget\" data-widget_type=\"button.default\">\n\t\t\t\t<div class=\"elementor-widget-container\">\n\t\t\t\t\t\t\t\t\t<div class=\"elementor-button-wrapper\">\n\t\t\t\t\t<a class=\"elementor-button elementor-button-link elementor-size-sm\" href=\"#top\">\n\t\t\t\t\t\t<span class=\"elementor-button-content-wrapper\">\n\t\t\t\t\t\t\t\t\t<span class=\"elementor-button-text\">BACK TO THE TOP<\/span>\n\t\t\t\t\t<\/span>\n\t\t\t\t\t<\/a>\n\t\t\t\t<\/div>\n\t\t\t\t\t\t\t\t<\/div>\n\t\t\t\t<\/div>\n\t\t\t\t<div class=\"elementor-element elementor-element-4ab8bc3 elementor-widget elementor-widget-image\" data-id=\"4ab8bc3\" data-element_type=\"widget\" data-e-type=\"widget\" data-widget_type=\"image.default\">\n\t\t\t\t<div class=\"elementor-widget-container\">\n\t\t\t\t\t\t\t\t\t\t\t\t\t\t\t<img decoding=\"async\" src=\"https:\/\/bodywork-kaethe.de\/wp-content\/uploads\/2025\/06\/Kaethe_Hand_Outline-16.png\" title=\"\" alt=\"\" loading=\"lazy\" \/>\t\t\t\t\t\t\t\t\t\t\t\t\t\t\t<\/div>\n\t\t\t\t<\/div>\n\t\t\t\t<\/div>\n\t\t\t\t\t<\/div>\n\t\t\t\t<\/div>\n\t\t\t\t<\/div>","protected":false},"excerpt":{"rendered":"<p>Was ist Bodywork? Eigentlich beschreibt der Begriff genau das, was er beinhaltet, n\u00e4mlich die Arbeit mit dem K\u00f6rper. Es geht dabei aber nicht um Leistungsoptimierung sondern eher darum dich sein zu lassen. Meine Arbeite basiert auf Kollaboration. Das hei\u00dft, wir lernen und forschen zusammen mit deinem K\u00f6rper. Mit Hilfe von verschiedenen Ber\u00fchrungsformen, Atmung, Bewegung und [&hellip;]<\/p>\n","protected":false},"author":1,"featured_media":0,"parent":0,"menu_order":0,"comment_status":"closed","ping_status":"closed","template":"","meta":{"footnotes":""},"class_list":["post-107","page","type-page","status-publish","hentry"],"_links":{"self":[{"href":"https:\/\/bodywork-kaethe.de\/en\/wp-json\/wp\/v2\/pages\/107","targetHints":{"allow":["GET"]}}],"collection":[{"href":"https:\/\/bodywork-kaethe.de\/en\/wp-json\/wp\/v2\/pages"}],"about":[{"href":"https:\/\/bodywork-kaethe.de\/en\/wp-json\/wp\/v2\/types\/page"}],"author":[{"embeddable":true,"href":"https:\/\/bodywork-kaethe.de\/en\/wp-json\/wp\/v2\/users\/1"}],"replies":[{"embeddable":true,"href":"https:\/\/bodywork-kaethe.de\/en\/wp-json\/wp\/v2\/comments?post=107"}],"version-history":[{"count":286,"href":"https:\/\/bodywork-kaethe.de\/en\/wp-json\/wp\/v2\/pages\/107\/revisions"}],"predecessor-version":[{"id":1353,"href":"https:\/\/bodywork-kaethe.de\/en\/wp-json\/wp\/v2\/pages\/107\/revisions\/1353"}],"wp:attachment":[{"href":"https:\/\/bodywork-kaethe.de\/en\/wp-json\/wp\/v2\/media?parent=107"}],"curies":[{"name":"wp","href":"https:\/\/api.w.org\/{rel}","templated":true}]}}