{"id":335,"date":"2025-04-05T08:45:59","date_gmt":"2025-04-05T08:45:59","guid":{"rendered":"http:\/\/bodywork-kaethe.de\/?page_id=335"},"modified":"2025-06-23T18:59:36","modified_gmt":"2025-06-23T18:59:36","slug":"offerings","status":"publish","type":"page","link":"https:\/\/bodywork-kaethe.de\/en\/offerings\/","title":{"rendered":"Services"},"content":{"rendered":"<div data-elementor-type=\"wp-page\" data-elementor-id=\"335\" class=\"elementor elementor-335\">\n\t\t\t\t<div class=\"elementor-element elementor-element-c3b1e53 e-grid e-con-full multiply-image e-con e-parent\" data-id=\"c3b1e53\" data-element_type=\"container\" data-e-type=\"container\" data-settings=\"{&quot;background_background&quot;:&quot;classic&quot;}\">\n\t\t\t\t<div class=\"elementor-element elementor-element-2e7ac8a4 multiply-text elementor-widget elementor-widget-heading\" data-id=\"2e7ac8a4\" data-element_type=\"widget\" data-e-type=\"widget\" data-widget_type=\"heading.default\">\n\t\t\t\t<div class=\"elementor-widget-container\">\n\t\t\t\t\t<h2 class=\"elementor-heading-title elementor-size-default\">Services<\/h2>\t\t\t\t<\/div>\n\t\t\t\t<\/div>\n\t\t<div class=\"elementor-element elementor-element-1f1bdc8 e-flex e-con-boxed e-con e-child\" data-id=\"1f1bdc8\" data-element_type=\"container\" data-e-type=\"container\">\n\t\t\t\t\t<div class=\"e-con-inner\">\n\t\t\t\t<div class=\"elementor-element elementor-element-2e61aca elementor-widget elementor-widget-image\" data-id=\"2e61aca\" data-element_type=\"widget\" data-e-type=\"widget\" data-widget_type=\"image.default\">\n\t\t\t\t<div class=\"elementor-widget-container\">\n\t\t\t\t\t\t\t\t\t\t\t\t\t\t\t<img decoding=\"async\" src=\"https:\/\/bodywork-kaethe.de\/wp-content\/uploads\/2025\/04\/Swhoosies_V04_Swooshi-1.png\" title=\"\" alt=\"\" loading=\"lazy\" \/>\t\t\t\t\t\t\t\t\t\t\t\t\t\t\t<\/div>\n\t\t\t\t<\/div>\n\t\t\t\t\t<\/div>\n\t\t\t\t<\/div>\n\t\t\t\t<\/div>\n\t\t<div class=\"elementor-element elementor-element-5042d8b1 e-con-full e-flex e-con e-parent\" data-id=\"5042d8b1\" data-element_type=\"container\" data-e-type=\"container\" data-settings=\"{&quot;background_background&quot;:&quot;classic&quot;}\">\n\t\t<div class=\"elementor-element elementor-element-2dad46d3 e-grid e-con-boxed e-con e-child\" data-id=\"2dad46d3\" data-element_type=\"container\" data-e-type=\"container\">\n\t\t\t\t\t<div class=\"e-con-inner\">\n\t\t<div class=\"elementor-element elementor-element-27f5bfb4 e-con-full e-flex e-con e-child\" data-id=\"27f5bfb4\" data-element_type=\"container\" data-e-type=\"container\" data-settings=\"{&quot;background_background&quot;:&quot;classic&quot;}\">\n\t\t\t\t<div class=\"elementor-element elementor-element-2ef36b17 elementor-widget elementor-widget-text-editor\" data-id=\"2ef36b17\" data-element_type=\"widget\" data-e-type=\"widget\" data-widget_type=\"text-editor.default\">\n\t\t\t\t<div class=\"elementor-widget-container\">\n\t\t\t\t\t\t\t\t\t<p>Individual sessions<\/p>\t\t\t\t\t\t\t\t<\/div>\n\t\t\t\t<\/div>\n\t\t\t\t<\/div>\n\t\t\t\t\t<\/div>\n\t\t\t\t<\/div>\n\t\t<div class=\"elementor-element elementor-element-358ce4be e-grid e-con-boxed e-con e-child\" data-id=\"358ce4be\" data-element_type=\"container\" data-e-type=\"container\" data-settings=\"{&quot;background_background&quot;:&quot;classic&quot;}\">\n\t\t\t\t\t<div class=\"e-con-inner\">\n\t\t<div class=\"elementor-element elementor-element-6cccd07a e-con-full e-flex e-con e-child\" data-id=\"6cccd07a\" data-element_type=\"container\" data-e-type=\"container\">\n\t\t<div class=\"elementor-element elementor-element-410314e6 e-con-full e-flex e-con e-child\" data-id=\"410314e6\" data-element_type=\"container\" data-e-type=\"container\" data-settings=\"{&quot;background_background&quot;:&quot;classic&quot;}\">\n\t\t\t\t<div class=\"elementor-element elementor-element-5321846c elementor-widget elementor-widget-text-editor\" data-id=\"5321846c\" data-element_type=\"widget\" data-e-type=\"widget\" data-widget_type=\"text-editor.default\">\n\t\t\t\t<div class=\"elementor-widget-container\">\n\t\t\t\t\t\t\t\t\t<p>In my individual sessions, I support you with your <strong>personal life themes and processes,<\/strong> inviting you through touch and movement to come into presence and to<strong> feel yourself and your body.<\/strong><\/p>\t\t\t\t\t\t\t\t<\/div>\n\t\t\t\t<\/div>\n\t\t\t\t<\/div>\n\t\t\t\t<div class=\"elementor-element elementor-element-c909445 elementor-widget elementor-widget-image\" data-id=\"c909445\" data-element_type=\"widget\" data-e-type=\"widget\" data-widget_type=\"image.default\">\n\t\t\t\t<div class=\"elementor-widget-container\">\n\t\t\t\t\t\t\t\t\t\t\t\t\t\t\t<img decoding=\"async\" src=\"https:\/\/bodywork-kaethe.de\/wp-content\/uploads\/2025\/06\/DSC07346_2.png\" title=\"\" alt=\"\" loading=\"lazy\" \/>\t\t\t\t\t\t\t\t\t\t\t\t\t\t\t<\/div>\n\t\t\t\t<\/div>\n\t\t\t\t<\/div>\n\t\t<div class=\"elementor-element elementor-element-315b6f8d e-con-full e-flex e-con e-child\" data-id=\"315b6f8d\" data-element_type=\"container\" data-e-type=\"container\">\n\t\t\t\t<div class=\"elementor-element elementor-element-6ec3fe1 elementor-hidden-mobile elementor-widget elementor-widget-spacer\" data-id=\"6ec3fe1\" data-element_type=\"widget\" data-e-type=\"widget\" data-widget_type=\"spacer.default\">\n\t\t\t\t<div class=\"elementor-widget-container\">\n\t\t\t\t\t\t\t<div class=\"elementor-spacer\">\n\t\t\t<div class=\"elementor-spacer-inner\"><\/div>\n\t\t<\/div>\n\t\t\t\t\t\t<\/div>\n\t\t\t\t<\/div>\n\t\t<div class=\"elementor-element elementor-element-5a0b9fa6 e-con-full bdt-backdrop-filter-yes e-flex bdt-filter-backdrop e-con e-child\" data-id=\"5a0b9fa6\" data-element_type=\"container\" data-e-type=\"container\">\n\t\t\t\t<div class=\"elementor-element elementor-element-5bc3f35 multiply-image elementor-widget elementor-widget-image\" data-id=\"5bc3f35\" data-element_type=\"widget\" data-e-type=\"widget\" data-widget_type=\"image.default\">\n\t\t\t\t<div class=\"elementor-widget-container\">\n\t\t\t\t\t\t\t\t\t\t\t\t\t\t\t<img decoding=\"async\" src=\"https:\/\/bodywork-kaethe.de\/wp-content\/uploads\/2025\/04\/Kaethe_Herz_blau.png\" title=\"\" alt=\"\" loading=\"lazy\" \/>\t\t\t\t\t\t\t\t\t\t\t\t\t\t\t<\/div>\n\t\t\t\t<\/div>\n\t\t\t\t<\/div>\n\t\t<div class=\"elementor-element elementor-element-7b709f9e e-con-full bdt-backdrop-filter-yes e-flex bdt-filter-backdrop e-con e-child\" data-id=\"7b709f9e\" data-element_type=\"container\" data-e-type=\"container\" data-settings=\"{&quot;background_background&quot;:&quot;classic&quot;}\">\n\t\t\t\t<div class=\"elementor-element elementor-element-1547269a elementor-widget elementor-widget-text-editor\" data-id=\"1547269a\" data-element_type=\"widget\" data-e-type=\"widget\" data-widget_type=\"text-editor.default\">\n\t\t\t\t<div class=\"elementor-widget-container\">\n\t\t\t\t\t\t\t\t\t<p>Together, we observe<strong> which patterns become noticeable<\/strong> in the body.<\/p><p>You can learn to improve your access to body awareness in order to better recognize <strong>your boundaries and needs,<\/strong> stand up for yourself, and unfold your potential.<\/p><p>I guide you to breathe <strong>freely and deeply,<\/strong> to locate and release tension, <strong>to notice and allow emotions,<\/strong> and to <strong>integrate them physically.\u00a0<\/strong><\/p>\t\t\t\t\t\t\t\t<\/div>\n\t\t\t\t<\/div>\n\t\t\t\t<\/div>\n\t\t\t\t<\/div>\n\t\t\t\t\t<\/div>\n\t\t\t\t<\/div>\n\t\t\t\t<div class=\"elementor-element elementor-element-bc9c69d elementor-widget elementor-widget-spacer\" data-id=\"bc9c69d\" data-element_type=\"widget\" data-e-type=\"widget\" data-widget_type=\"spacer.default\">\n\t\t\t\t<div class=\"elementor-widget-container\">\n\t\t\t\t\t\t\t<div class=\"elementor-spacer\">\n\t\t\t<div class=\"elementor-spacer-inner\"><\/div>\n\t\t<\/div>\n\t\t\t\t\t\t<\/div>\n\t\t\t\t<\/div>\n\t\t\t\t<\/div>\n\t\t<div class=\"elementor-element elementor-element-6922dcc e-con-full e-flex e-con e-parent\" data-id=\"6922dcc\" data-element_type=\"container\" data-e-type=\"container\" data-settings=\"{&quot;background_background&quot;:&quot;classic&quot;}\">\n\t\t<div class=\"elementor-element elementor-element-1f79ed5 e-grid e-con-full e-con e-child\" data-id=\"1f79ed5\" data-element_type=\"container\" data-e-type=\"container\">\n\t\t\t\t<div class=\"elementor-element elementor-element-237ad9c multiply-image elementor-widget elementor-widget-image\" data-id=\"237ad9c\" data-element_type=\"widget\" data-e-type=\"widget\" data-widget_type=\"image.default\">\n\t\t\t\t<div class=\"elementor-widget-container\">\n\t\t\t\t\t\t\t\t\t\t\t\t\t\t\t<img decoding=\"async\" src=\"https:\/\/bodywork-kaethe.de\/wp-content\/uploads\/2025\/04\/Hand_Zeichnung-17.png\" title=\"\" alt=\"\" loading=\"lazy\" \/>\t\t\t\t\t\t\t\t\t\t\t\t\t\t\t<\/div>\n\t\t\t\t<\/div>\n\t\t<div class=\"elementor-element elementor-element-8cf112e e-con-full e-flex e-con e-child\" data-id=\"8cf112e\" data-element_type=\"container\" data-e-type=\"container\" data-settings=\"{&quot;background_background&quot;:&quot;classic&quot;}\">\n\t\t\t\t<div class=\"elementor-element elementor-element-274f6df elementor-widget elementor-widget-text-editor\" data-id=\"274f6df\" data-element_type=\"widget\" data-e-type=\"widget\" data-widget_type=\"text-editor.default\">\n\t\t\t\t<div class=\"elementor-widget-container\">\n\t\t\t\t\t\t\t\t\t<p>Group Sessions<\/p>\t\t\t\t\t\t\t\t<\/div>\n\t\t\t\t<\/div>\n\t\t\t\t<\/div>\n\t\t\t\t<\/div>\n\t\t<div class=\"elementor-element elementor-element-8b457df e-grid e-con-boxed e-con e-child\" data-id=\"8b457df\" data-element_type=\"container\" data-e-type=\"container\" data-settings=\"{&quot;background_background&quot;:&quot;classic&quot;}\">\n\t\t\t\t\t<div class=\"e-con-inner\">\n\t\t<div class=\"elementor-element elementor-element-be6c966 e-con-full e-flex e-con e-child\" data-id=\"be6c966\" data-element_type=\"container\" data-e-type=\"container\">\n\t\t<div class=\"elementor-element elementor-element-3505e7f e-con-full e-flex e-con e-child\" data-id=\"3505e7f\" data-element_type=\"container\" data-e-type=\"container\" data-settings=\"{&quot;background_background&quot;:&quot;classic&quot;}\">\n\t\t\t\t<div class=\"elementor-element elementor-element-b30d8c4 elementor-widget elementor-widget-text-editor\" data-id=\"b30d8c4\" data-element_type=\"widget\" data-e-type=\"widget\" data-widget_type=\"text-editor.default\">\n\t\t\t\t<div class=\"elementor-widget-container\">\n\t\t\t\t\t\t\t\t\t<p>I design and lead workshops and experiential spaces for <strong>sensual, vulnerable self-exploration.<\/strong> To do this, I use methods from bodywork and design to invite people to somatic exploration within the context of <strong>festivals, exhibitions, or individual events.<\/strong> zum somatischen Explorieren einzuladen.<\/p>\t\t\t\t\t\t\t\t<\/div>\n\t\t\t\t<\/div>\n\t\t\t\t<\/div>\n\t\t\t\t<\/div>\n\t\t<div class=\"elementor-element elementor-element-b213f8c e-con-full e-flex e-con e-child\" data-id=\"b213f8c\" data-element_type=\"container\" data-e-type=\"container\">\n\t\t<div class=\"elementor-element elementor-element-433bca0 e-con-full bdt-backdrop-filter-yes elementor-hidden-tablet elementor-hidden-mobile e-flex bdt-filter-backdrop e-con e-child\" data-id=\"433bca0\" data-element_type=\"container\" data-e-type=\"container\">\n\t\t\t\t<div class=\"elementor-element elementor-element-c5a8066 elementor-hidden-mobile elementor-widget elementor-widget-spacer\" data-id=\"c5a8066\" data-element_type=\"widget\" data-e-type=\"widget\" data-widget_type=\"spacer.default\">\n\t\t\t\t<div class=\"elementor-widget-container\">\n\t\t\t\t\t\t\t<div class=\"elementor-spacer\">\n\t\t\t<div class=\"elementor-spacer-inner\"><\/div>\n\t\t<\/div>\n\t\t\t\t\t\t<\/div>\n\t\t\t\t<\/div>\n\t\t\t\t<\/div>\n\t\t<div class=\"elementor-element elementor-element-206071f e-con-full bdt-backdrop-filter-yes e-flex bdt-filter-backdrop e-con e-child\" data-id=\"206071f\" data-element_type=\"container\" data-e-type=\"container\" data-settings=\"{&quot;background_background&quot;:&quot;classic&quot;}\">\n\t\t\t\t<div class=\"elementor-element elementor-element-e2f2700 elementor-widget elementor-widget-text-editor\" data-id=\"e2f2700\" data-element_type=\"widget\" data-e-type=\"widget\" data-widget_type=\"text-editor.default\">\n\t\t\t\t<div class=\"elementor-widget-container\">\n\t\t\t\t\t\t\t\t\t<p>If you are interested in my work, <a href=\"http:\/\/bodywork-kaethe.de\/en\/booking\/\"><u>write me.<\/u><\/a><\/p><p>You can find current events <a href=\"http:\/\/bodywork-kaethe.de\/en\/booking\/\"><span style=\"text-decoration: underline;\">here<\/span><\/a> and in the <u>newsletter<\/u>.<\/p>\t\t\t\t\t\t\t\t<\/div>\n\t\t\t\t<\/div>\n\t\t\t\t<\/div>\n\t\t\t\t<\/div>\n\t\t\t\t\t<\/div>\n\t\t\t\t<\/div>\n\t\t<div class=\"elementor-element elementor-element-3d939a5 e-con-full e-flex e-con e-child\" data-id=\"3d939a5\" data-element_type=\"container\" data-e-type=\"container\">\n\t\t\t\t<div class=\"elementor-element elementor-element-4cef8d1 multiply-image elementor-widget elementor-widget-image\" data-id=\"4cef8d1\" data-element_type=\"widget\" data-e-type=\"widget\" data-widget_type=\"image.default\">\n\t\t\t\t<div class=\"elementor-widget-container\">\n\t\t\t\t\t\t\t\t\t\t\t\t\t\t\t<img decoding=\"async\" src=\"https:\/\/bodywork-kaethe.de\/wp-content\/uploads\/2025\/04\/01_Hand_blau_2.png\" title=\"\" alt=\"\" loading=\"lazy\" \/>\t\t\t\t\t\t\t\t\t\t\t\t\t\t\t<\/div>\n\t\t\t\t<\/div>\n\t\t\t\t<\/div>\n\t\t\t\t<\/div>\n\t\t<div class=\"elementor-element elementor-element-d3eeff2 e-con-full e-flex e-con e-parent\" data-id=\"d3eeff2\" data-element_type=\"container\" data-e-type=\"container\" data-settings=\"{&quot;background_background&quot;:&quot;classic&quot;}\">\n\t\t<div class=\"elementor-element elementor-element-1d9f3c5 e-grid e-con-boxed e-con e-child\" data-id=\"1d9f3c5\" data-element_type=\"container\" data-e-type=\"container\">\n\t\t\t\t\t<div class=\"e-con-inner\">\n\t\t<div class=\"elementor-element elementor-element-05cdb66 e-con-full e-flex e-con e-child\" data-id=\"05cdb66\" data-element_type=\"container\" data-e-type=\"container\" data-settings=\"{&quot;background_background&quot;:&quot;classic&quot;}\">\n\t\t\t\t<div class=\"elementor-element elementor-element-1211d54 elementor-widget elementor-widget-text-editor\" data-id=\"1211d54\" data-element_type=\"widget\" data-e-type=\"widget\" data-widget_type=\"text-editor.default\">\n\t\t\t\t<div class=\"elementor-widget-container\">\n\t\t\t\t\t\t\t\t\t<p>Notes<\/p>\t\t\t\t\t\t\t\t<\/div>\n\t\t\t\t<\/div>\n\t\t\t\t<\/div>\n\t\t\t\t\t<\/div>\n\t\t\t\t<\/div>\n\t\t<div class=\"elementor-element elementor-element-ccc17ea e-grid e-con-boxed e-con e-child\" data-id=\"ccc17ea\" data-element_type=\"container\" data-e-type=\"container\" data-settings=\"{&quot;background_background&quot;:&quot;classic&quot;}\">\n\t\t\t\t\t<div class=\"e-con-inner\">\n\t\t<div class=\"elementor-element elementor-element-6536031 e-con-full e-flex e-con e-child\" data-id=\"6536031\" data-element_type=\"container\" data-e-type=\"container\">\n\t\t<div class=\"elementor-element elementor-element-2027aad e-con-full e-flex e-con e-child\" data-id=\"2027aad\" data-element_type=\"container\" data-e-type=\"container\" data-settings=\"{&quot;background_background&quot;:&quot;classic&quot;}\">\n\t\t\t\t<div class=\"elementor-element elementor-element-03283bf elementor-widget elementor-widget-text-editor\" data-id=\"03283bf\" data-element_type=\"widget\" data-e-type=\"widget\" data-widget_type=\"text-editor.default\">\n\t\t\t\t<div class=\"elementor-widget-container\">\n\t\t\t\t\t\t\t\t\t<p>For our collaboration, it is important that you are physically and mentally able to take <strong>responsibility<\/strong> for yourself.<\/p><p>My work is not a substitute for medical or psychotherapeutic treatment. You can use it as support for your personal processes. If you are unsure, please discuss our collaboration in advance with your doctor or therapist, as well as with me, so that I can support you in the best possible way.<\/p>\t\t\t\t\t\t\t\t<\/div>\n\t\t\t\t<\/div>\n\t\t\t\t<\/div>\n\t\t\t\t<\/div>\n\t\t\t\t<div class=\"elementor-element elementor-element-1f9ba31 elementor-hidden-desktop elementor-hidden-tablet elementor-widget elementor-widget-image\" data-id=\"1f9ba31\" data-element_type=\"widget\" data-e-type=\"widget\" data-widget_type=\"image.default\">\n\t\t\t\t<div class=\"elementor-widget-container\">\n\t\t\t\t\t\t\t\t\t\t\t\t\t\t\t<img decoding=\"async\" src=\"https:\/\/bodywork-kaethe.de\/wp-content\/uploads\/2025\/06\/Swhoosies_V02_Swooshi.png\" title=\"\" alt=\"\" loading=\"lazy\" \/>\t\t\t\t\t\t\t\t\t\t\t\t\t\t\t<\/div>\n\t\t\t\t<\/div>\n\t\t<div class=\"elementor-element elementor-element-4ee9b54 e-con-full e-flex e-con e-child\" data-id=\"4ee9b54\" data-element_type=\"container\" data-e-type=\"container\">\n\t\t<div class=\"elementor-element elementor-element-31f2e03 e-con-full bdt-backdrop-filter-yes e-flex bdt-filter-backdrop e-con e-child\" data-id=\"31f2e03\" data-element_type=\"container\" data-e-type=\"container\" data-settings=\"{&quot;background_background&quot;:&quot;classic&quot;}\">\n\t\t\t\t<div class=\"elementor-element elementor-element-67fae3a elementor-widget elementor-widget-text-editor\" data-id=\"67fae3a\" data-element_type=\"widget\" data-e-type=\"widget\" data-widget_type=\"text-editor.default\">\n\t\t\t\t<div class=\"elementor-widget-container\">\n\t\t\t\t\t\t\t\t\t<p>In some cases, working directly on the skin can be helpful. <strong>You decide what feels right for you.<\/strong> You can remain fully clothed at any time! It\u2019s best to come in loose, comfortable clothing so you can move freely.<\/p><p>Try to avoid heavy meals about two hours before the session so your body isn\u2019t mainly focused on digestion.<\/p>\t\t\t\t\t\t\t\t<\/div>\n\t\t\t\t<\/div>\n\t\t\t\t<\/div>\n\t\t\t\t<\/div>\n\t\t\t\t\t<\/div>\n\t\t\t\t<\/div>\n\t\t<div class=\"elementor-element elementor-element-0ab5ee9 e-con-full elementor-hidden-mobile e-flex e-con e-child\" data-id=\"0ab5ee9\" data-element_type=\"container\" data-e-type=\"container\">\n\t\t<div class=\"elementor-element elementor-element-d5f5df0 e-grid e-con-full e-con e-child\" data-id=\"d5f5df0\" data-element_type=\"container\" data-e-type=\"container\">\n\t\t\t\t<div class=\"elementor-element elementor-element-d7ecce2 multiply-image elementor-widget elementor-widget-image\" data-id=\"d7ecce2\" data-element_type=\"widget\" data-e-type=\"widget\" data-widget_type=\"image.default\">\n\t\t\t\t<div class=\"elementor-widget-container\">\n\t\t\t\t\t\t\t\t\t\t\t\t\t\t\t<img decoding=\"async\" src=\"https:\/\/bodywork-kaethe.de\/wp-content\/uploads\/2025\/04\/Hand_04.png\" title=\"\" alt=\"\" loading=\"lazy\" \/>\t\t\t\t\t\t\t\t\t\t\t\t\t\t\t<\/div>\n\t\t\t\t<\/div>\n\t\t\t\t<div class=\"elementor-element elementor-element-77cc9e7 multiply-image elementor-hidden-mobile elementor-widget elementor-widget-image\" data-id=\"77cc9e7\" data-element_type=\"widget\" data-e-type=\"widget\" data-widget_type=\"image.default\">\n\t\t\t\t<div class=\"elementor-widget-container\">\n\t\t\t\t\t\t\t\t\t\t\t\t\t\t\t<img decoding=\"async\" src=\"https:\/\/bodywork-kaethe.de\/wp-content\/uploads\/2025\/04\/Hand_Zeichnung-16.png\" title=\"\" alt=\"\" loading=\"lazy\" \/>\t\t\t\t\t\t\t\t\t\t\t\t\t\t\t<\/div>\n\t\t\t\t<\/div>\n\t\t\t\t<\/div>\n\t\t\t\t<\/div>\n\t\t\t\t<\/div>\n\t\t<div data-ep-wrapper-link=\"{&quot;url&quot;:&quot;#top&quot;,&quot;is_external&quot;:&quot;&quot;,&quot;nofollow&quot;:&quot;&quot;,&quot;custom_attributes&quot;:&quot;&quot;}\" style=\"cursor: pointer\" class=\"bdt-element-link elementor-element elementor-element-75a7362f e-flex e-con-boxed e-con e-child\" data-id=\"75a7362f\" data-element_type=\"container\" data-e-type=\"container\">\n\t\t\t\t\t<div class=\"e-con-inner\">\n\t\t<div class=\"elementor-element elementor-element-4bb80c91 e-grid e-con-full e-con e-child\" data-id=\"4bb80c91\" data-element_type=\"container\" data-e-type=\"container\">\n\t\t\t\t<div class=\"elementor-element elementor-element-14b123b3 elementor-align-right elementor-mobile-align-center elementor-widget elementor-widget-button\" data-id=\"14b123b3\" data-element_type=\"widget\" data-e-type=\"widget\" data-widget_type=\"button.default\">\n\t\t\t\t<div class=\"elementor-widget-container\">\n\t\t\t\t\t\t\t\t\t<div class=\"elementor-button-wrapper\">\n\t\t\t\t\t<a class=\"elementor-button elementor-button-link elementor-size-sm\" href=\"#top\">\n\t\t\t\t\t\t<span class=\"elementor-button-content-wrapper\">\n\t\t\t\t\t\t\t\t\t<span class=\"elementor-button-text\">BACK TO THE TOP<\/span>\n\t\t\t\t\t<\/span>\n\t\t\t\t\t<\/a>\n\t\t\t\t<\/div>\n\t\t\t\t\t\t\t\t<\/div>\n\t\t\t\t<\/div>\n\t\t\t\t<div class=\"elementor-element elementor-element-76a15b69 elementor-widget elementor-widget-image\" data-id=\"76a15b69\" data-element_type=\"widget\" data-e-type=\"widget\" data-widget_type=\"image.default\">\n\t\t\t\t<div class=\"elementor-widget-container\">\n\t\t\t\t\t\t\t\t\t\t\t\t\t\t\t<img decoding=\"async\" src=\"https:\/\/bodywork-kaethe.de\/wp-content\/uploads\/2025\/06\/Kaethe_Hand_Outline-16.png\" title=\"\" alt=\"\" loading=\"lazy\" \/>\t\t\t\t\t\t\t\t\t\t\t\t\t\t\t<\/div>\n\t\t\t\t<\/div>\n\t\t\t\t<\/div>\n\t\t\t\t\t<\/div>\n\t\t\t\t<\/div>\n\t\t\t\t<\/div>","protected":false},"excerpt":{"rendered":"<p>Angebote Einzelsitzungen In meinen Einzelsitzungen begleite ich dich bei deinen pers\u00f6nlichen Lebensthemen und Prozessen und lade durch Ber\u00fchrung und Bewegung dazu ein, in Pr\u00e4senz zu kommen uns sich selbst und den eigenen K\u00f6rper zu sp\u00fcren. Gemeinsam beobachten wir welche Muster im K\u00f6rper sp\u00fcrbar werden. Du kannst lernen den Zugang zu deiner K\u00f6rperwahrnehmung zu verbessern um [&hellip;]<\/p>\n","protected":false},"author":1,"featured_media":0,"parent":0,"menu_order":0,"comment_status":"closed","ping_status":"closed","template":"","meta":{"footnotes":""},"class_list":["post-335","page","type-page","status-publish","hentry"],"_links":{"self":[{"href":"https:\/\/bodywork-kaethe.de\/en\/wp-json\/wp\/v2\/pages\/335","targetHints":{"allow":["GET"]}}],"collection":[{"href":"https:\/\/bodywork-kaethe.de\/en\/wp-json\/wp\/v2\/pages"}],"about":[{"href":"https:\/\/bodywork-kaethe.de\/en\/wp-json\/wp\/v2\/types\/page"}],"author":[{"embeddable":true,"href":"https:\/\/bodywork-kaethe.de\/en\/wp-json\/wp\/v2\/users\/1"}],"replies":[{"embeddable":true,"href":"https:\/\/bodywork-kaethe.de\/en\/wp-json\/wp\/v2\/comments?post=335"}],"version-history":[{"count":154,"href":"https:\/\/bodywork-kaethe.de\/en\/wp-json\/wp\/v2\/pages\/335\/revisions"}],"predecessor-version":[{"id":1320,"href":"https:\/\/bodywork-kaethe.de\/en\/wp-json\/wp\/v2\/pages\/335\/revisions\/1320"}],"wp:attachment":[{"href":"https:\/\/bodywork-kaethe.de\/en\/wp-json\/wp\/v2\/media?parent=335"}],"curies":[{"name":"wp","href":"https:\/\/api.w.org\/{rel}","templated":true}]}}