{"id":36,"date":"2025-02-16T17:25:36","date_gmt":"2025-02-16T17:25:36","guid":{"rendered":"http:\/\/bodywork-kaethe.de\/?page_id=36"},"modified":"2025-06-18T17:15:18","modified_gmt":"2025-06-18T17:15:18","slug":"impressum","status":"publish","type":"page","link":"https:\/\/bodywork-kaethe.de\/en\/impressum\/","title":{"rendered":"Impressum"},"content":{"rendered":"<div data-elementor-type=\"wp-page\" data-elementor-id=\"36\" class=\"elementor elementor-36\">\n\t\t\t\t<div class=\"elementor-element elementor-element-3d55333 e-flex e-con-boxed e-con e-parent\" data-id=\"3d55333\" data-element_type=\"container\" data-e-type=\"container\">\n\t\t\t\t\t<div class=\"e-con-inner\">\n\t\t<div class=\"elementor-element elementor-element-d30ccb0 e-con-full e-flex e-con e-child\" data-id=\"d30ccb0\" data-element_type=\"container\" data-e-type=\"container\">\n\t\t\t\t<div class=\"elementor-element elementor-element-81f2b03 elementor-widget elementor-widget-text-editor\" data-id=\"81f2b03\" data-element_type=\"widget\" data-e-type=\"widget\" data-widget_type=\"text-editor.default\">\n\t\t\t\t<div class=\"elementor-widget-container\">\n\t\t\t\t\t\t\t\t\t<div class=\"title\">Katharina &#8222;K\u00e4the&#8220; Schmidt<\/div><div class=\"block clearfix\"><div class=\"columnleft\">Mail: kontakt (@) bodywork-kaethe.com<\/div><div class=\"columnleft\">Content responsible person according to \u00a7 10 paragraph 3 MDStV<\/div><\/div>\t\t\t\t\t\t\t\t<\/div>\n\t\t\t\t<\/div>\n\t\t\t\t<\/div>\n\t\t<div class=\"elementor-element elementor-element-e1839b4 e-grid e-con-full e-con e-child\" data-id=\"e1839b4\" data-element_type=\"container\" data-e-type=\"container\">\n\t\t\t\t<div class=\"elementor-element elementor-element-5e4d6b5 elementor-widget elementor-widget-text-editor\" data-id=\"5e4d6b5\" data-element_type=\"widget\" data-e-type=\"widget\" data-widget_type=\"text-editor.default\">\n\t\t\t\t<div class=\"elementor-widget-container\">\n\t\t\t\t\t\t\t\t\t<p>Liability for Content<\/p><p data-start=\"181\" data-end=\"711\">I have created the content on my website with the utmost care. However, I cannot guarantee the accuracy, completeness, or timeliness of the content. As a service provider, I am responsible for my own content on these pages according to \u00a7 7 (1) TMG under general laws. According to \u00a7\u00a7 8 to 10 TMG, I am not obligated as a service provider to monitor transmitted or stored third-party information or to investigate circumstances indicating illegal activity.<\/p><p data-start=\"713\" data-end=\"1063\">Obligations to remove or block the use of information under general laws remain unaffected. However, liability in this regard is only possible from the time of knowledge of a specific legal infringement. Once I become aware of such legal violations, I will remove the content immediately.<\/p>\t\t\t\t\t\t\t\t<\/div>\n\t\t\t\t<\/div>\n\t\t\t\t<div class=\"elementor-element elementor-element-c400e61 elementor-widget elementor-widget-text-editor\" data-id=\"c400e61\" data-element_type=\"widget\" data-e-type=\"widget\" data-widget_type=\"text-editor.default\">\n\t\t\t\t<div class=\"elementor-widget-container\">\n\t\t\t\t\t\t\t\t\t<p>Liability for Links<\/p><p data-start=\"212\" data-end=\"672\">My offer contains links to external third-party websites over which I have no influence. Therefore, I cannot assume any liability for these external contents. The respective provider or operator of the linked pages is always responsible for their content. I checked the linked pages for possible legal violations at the time of linking. Illegal content was not recognizable at the time of linking.<\/p><p data-start=\"674\" data-end=\"901\">However, continuous content control of the linked pages is not reasonable without concrete evidence of a legal violation. If I become aware of legal violations, I will remove such links immediately.<\/p>\t\t\t\t\t\t\t\t<\/div>\n\t\t\t\t<\/div>\n\t\t\t\t<div class=\"elementor-element elementor-element-4a0a930 elementor-widget elementor-widget-text-editor\" data-id=\"4a0a930\" data-element_type=\"widget\" data-e-type=\"widget\" data-widget_type=\"text-editor.default\">\n\t\t\t\t<div class=\"elementor-widget-container\">\n\t\t\t\t\t\t\t\t\t<p>Copyright<\/p><p data-start=\"125\" data-end=\"480\">The content and works created by me on this website are subject to German copyright law. Reproduction, editing, distribution, and any kind of exploitation outside the limits of copyright require my written consent. Downloads and copies of this site are only permitted for private, non-commercial use.<\/p><p data-start=\"482\" data-end=\"850\">Insofar as content on this site was not created by me, the copyrights of third parties are respected. Such content is marked accordingly. If you nevertheless become aware of a copyright infringement, please notify me accordingly. As soon as I become aware of a legal violation, I will remove the respective content immediately.<\/p>\t\t\t\t\t\t\t\t<\/div>\n\t\t\t\t<\/div>\n\t\t\t\t<div class=\"elementor-element elementor-element-9676422 elementor-widget elementor-widget-text-editor\" data-id=\"9676422\" data-element_type=\"widget\" data-e-type=\"widget\" data-widget_type=\"text-editor.default\">\n\t\t\t\t<div class=\"elementor-widget-container\">\n\t\t\t\t\t\t\t\t\t<p>Design by <a href=\"https:\/\/stellakornfeld.com\/\">Stella Kornfeld<\/a><\/p><p>Fonts: The beautiful <a href=\"https:\/\/www.collletttivo.it\/typefaces\/apfel-grotezk\" target=\"_blank\" rel=\"noopener\">Apfel Grotezk<\/a> by <a href=\"https:\/\/www.luigigorlero.com\/\" target=\"_blank\" rel=\"noopener\">Luigi Gorlero.<\/a> Published at <a href=\"https:\/\/www.collletttivo.it\/\" target=\"_blank\" rel=\"noopener\">Collletttivo fonts.<\/a> And the Champ for our Headlines from typeverything.<\/p>\t\t\t\t\t\t\t\t<\/div>\n\t\t\t\t<\/div>\n\t\t\t\t<\/div>\n\t\t\t\t\t<\/div>\n\t\t\t\t<\/div>\n\t\t\t\t<\/div>","protected":false},"excerpt":{"rendered":"<p>Katharina &#8222;K\u00e4the&#8220; SchmidtMail: kontakt (@) bodywork-kaethe.comInhaltlich Verantwortlicher gem\u00e4\u00df \u00a7 10 Absatz 3 MDStV Haftung f\u00fcr Inhalte Die Inhalte auf meiner Website habe ich mit gr\u00f6\u00dfter Sorgfalt erstellt. F\u00fcr die Richtigkeit, Vollst\u00e4ndigkeit und Aktualit\u00e4t der Inhalte kann ich jedoch keine Gew\u00e4hr \u00fcbernehmen. Als Diensteanbieter bin ich gem\u00e4\u00df \u00a7\u202f7 Abs.\u202f1 TMG f\u00fcr eigene Inhalte auf diesen Seiten [&hellip;]<\/p>\n","protected":false},"author":1,"featured_media":0,"parent":0,"menu_order":0,"comment_status":"closed","ping_status":"closed","template":"","meta":{"footnotes":""},"class_list":["post-36","page","type-page","status-publish","hentry"],"_links":{"self":[{"href":"https:\/\/bodywork-kaethe.de\/en\/wp-json\/wp\/v2\/pages\/36","targetHints":{"allow":["GET"]}}],"collection":[{"href":"https:\/\/bodywork-kaethe.de\/en\/wp-json\/wp\/v2\/pages"}],"about":[{"href":"https:\/\/bodywork-kaethe.de\/en\/wp-json\/wp\/v2\/types\/page"}],"author":[{"embeddable":true,"href":"https:\/\/bodywork-kaethe.de\/en\/wp-json\/wp\/v2\/users\/1"}],"replies":[{"embeddable":true,"href":"https:\/\/bodywork-kaethe.de\/en\/wp-json\/wp\/v2\/comments?post=36"}],"version-history":[{"count":16,"href":"https:\/\/bodywork-kaethe.de\/en\/wp-json\/wp\/v2\/pages\/36\/revisions"}],"predecessor-version":[{"id":815,"href":"https:\/\/bodywork-kaethe.de\/en\/wp-json\/wp\/v2\/pages\/36\/revisions\/815"}],"wp:attachment":[{"href":"https:\/\/bodywork-kaethe.de\/en\/wp-json\/wp\/v2\/media?parent=36"}],"curies":[{"name":"wp","href":"https:\/\/api.w.org\/{rel}","templated":true}]}}