{"id":362,"date":"2025-04-05T12:35:59","date_gmt":"2025-04-05T12:35:59","guid":{"rendered":"http:\/\/bodywork-kaethe.de\/?page_id=362"},"modified":"2025-06-23T18:42:12","modified_gmt":"2025-06-23T18:42:12","slug":"kaethe","status":"publish","type":"page","link":"https:\/\/bodywork-kaethe.de\/en\/kaethe\/","title":{"rendered":"\u00dcber K\u00e4the"},"content":{"rendered":"\t\t<div data-elementor-type=\"wp-page\" data-elementor-id=\"362\" class=\"elementor elementor-362\">\n\t\t\t\t<div class=\"elementor-element elementor-element-257cfe6 e-grid e-con-full e-con e-parent\" data-id=\"257cfe6\" data-element_type=\"container\" data-e-type=\"container\" data-settings=\"{&quot;background_background&quot;:&quot;classic&quot;}\">\n\t\t\t\t<div class=\"elementor-element elementor-element-2f18d6a multiply-image elementor-widget elementor-widget-image\" data-id=\"2f18d6a\" data-element_type=\"widget\" data-e-type=\"widget\" data-widget_type=\"image.default\">\n\t\t\t\t<div class=\"elementor-widget-container\">\n\t\t\t\t\t\t\t\t\t\t\t\t\t\t\t<img decoding=\"async\" src=\"http:\/\/bodywork-kaethe.de\/wp-content\/uploads\/2025\/06\/Hand_07-02.png\" title=\"\" alt=\"\" loading=\"lazy\" \/>\t\t\t\t\t\t\t\t\t\t\t\t\t\t\t<\/div>\n\t\t\t\t<\/div>\n\t\t\t\t<div class=\"elementor-element elementor-element-bf02b59 multiply-text elementor-widget elementor-widget-heading\" data-id=\"bf02b59\" data-element_type=\"widget\" data-e-type=\"widget\" data-widget_type=\"heading.default\">\n\t\t\t\t<div class=\"elementor-widget-container\">\n\t\t\t\t\t<h2 class=\"elementor-heading-title elementor-size-default\">\u00dcber mich<\/h2>\t\t\t\t<\/div>\n\t\t\t\t<\/div>\n\t\t\t\t<div class=\"elementor-element elementor-element-1bf60c6 multiply-image elementor-widget elementor-widget-image\" data-id=\"1bf60c6\" data-element_type=\"widget\" data-e-type=\"widget\" data-widget_type=\"image.default\">\n\t\t\t\t<div class=\"elementor-widget-container\">\n\t\t\t\t\t\t\t\t\t\t\t\t\t\t\t<img fetchpriority=\"high\" decoding=\"async\" width=\"800\" height=\"663\" src=\"https:\/\/bodywork-kaethe.de\/wp-content\/uploads\/2025\/04\/01_Hand_blau_2-1024x848.png\" class=\"attachment-large size-large wp-image-345\" alt=\"\" srcset=\"https:\/\/bodywork-kaethe.de\/wp-content\/uploads\/2025\/04\/01_Hand_blau_2-1024x848.png 1024w, https:\/\/bodywork-kaethe.de\/wp-content\/uploads\/2025\/04\/01_Hand_blau_2-300x248.png 300w, https:\/\/bodywork-kaethe.de\/wp-content\/uploads\/2025\/04\/01_Hand_blau_2-768x636.png 768w, https:\/\/bodywork-kaethe.de\/wp-content\/uploads\/2025\/04\/01_Hand_blau_2-1536x1272.png 1536w, https:\/\/bodywork-kaethe.de\/wp-content\/uploads\/2025\/04\/01_Hand_blau_2-2048x1696.png 2048w\" sizes=\"(max-width: 800px) 100vw, 800px\" \/>\t\t\t\t\t\t\t\t\t\t\t\t\t\t\t<\/div>\n\t\t\t\t<\/div>\n\t\t\t\t<\/div>\n\t\t<div class=\"elementor-element elementor-element-7aa90907 e-con-full multiply-image e-flex e-con e-parent\" data-id=\"7aa90907\" data-element_type=\"container\" data-e-type=\"container\" data-settings=\"{&quot;background_background&quot;:&quot;classic&quot;}\">\n\t\t<div class=\"elementor-element elementor-element-1e323453 e-grid e-con-boxed e-con e-child\" data-id=\"1e323453\" data-element_type=\"container\" data-e-type=\"container\" data-settings=\"{&quot;background_background&quot;:&quot;classic&quot;}\">\n\t\t\t\t\t<div class=\"e-con-inner\">\n\t\t<div class=\"elementor-element elementor-element-72857627 e-con-full e-flex e-con e-child\" data-id=\"72857627\" data-element_type=\"container\" data-e-type=\"container\" data-settings=\"{&quot;background_background&quot;:&quot;classic&quot;}\">\n\t\t\t\t<div class=\"elementor-element elementor-element-30beafde elementor-widget elementor-widget-text-editor\" data-id=\"30beafde\" data-element_type=\"widget\" data-e-type=\"widget\" data-widget_type=\"text-editor.default\">\n\t\t\t\t<div class=\"elementor-widget-container\">\n\t\t\t\t\t\t\t\t\t<p>Hallo, ich bin K\u00e4the<\/p>\t\t\t\t\t\t\t\t<\/div>\n\t\t\t\t<\/div>\n\t\t\t\t<\/div>\n\t\t\t\t\t<\/div>\n\t\t\t\t<\/div>\n\t\t<div class=\"elementor-element elementor-element-6492add9 e-grid e-con-boxed e-con e-child\" data-id=\"6492add9\" data-element_type=\"container\" data-e-type=\"container\">\n\t\t\t\t\t<div class=\"e-con-inner\">\n\t\t<div class=\"elementor-element elementor-element-5274f843 e-con-full e-flex e-con e-child\" data-id=\"5274f843\" data-element_type=\"container\" data-e-type=\"container\">\n\t\t<div class=\"elementor-element elementor-element-4d7f30fe e-con-full e-flex e-con e-child\" data-id=\"4d7f30fe\" data-element_type=\"container\" data-e-type=\"container\" data-settings=\"{&quot;background_background&quot;:&quot;classic&quot;}\">\n\t\t\t\t<div class=\"elementor-element elementor-element-478792bc elementor-widget elementor-widget-text-editor\" data-id=\"478792bc\" data-element_type=\"widget\" data-e-type=\"widget\" data-widget_type=\"text-editor.default\">\n\t\t\t\t<div class=\"elementor-widget-container\">\n\t\t\t\t\t\t\t\t\t<p>Als Designerin besch\u00e4ftigt mich seit dem Studium der Einfluss meiner Gestaltung auf den Menschen als emotionales Wesen. <strong>Ich kreiere und erforsche Begegnungsr\u00e4ume zu sinnlichen, vulnerablen, emotionalen und gesellschaftlichen Themen.<\/strong><\/p><p>Meine Arbeit zielt auf die Zug\u00e4nglichkeit tabuisierter, stigmatisierter und besch\u00e4mter Bereiche ab. Ich gestalte Angebote (Ausstellungen, Workshops, Objekte, Installationen etc.) die sowohl <strong>bed\u00fcrfnisorientiert als, auch herausfordernd, zu Diskursen und pers\u00f6nlicher Auseinandersetzung einladen.<\/strong> Der Bedarf an gut gestalteten Angeboten f\u00fcr den Kontakt mit psycho-emotionalen Themen und das Potenzial, das in der Ber\u00fchrbarkeit liegt bilden den Mehrwert meiner Arbeit.<\/p>\t\t\t\t\t\t\t\t<\/div>\n\t\t\t\t<\/div>\n\t\t\t\t<\/div>\n\t\t\t\t<\/div>\n\t\t<div class=\"elementor-element elementor-element-3405791a e-con-full e-flex e-con e-child\" data-id=\"3405791a\" data-element_type=\"container\" data-e-type=\"container\">\n\t\t<div class=\"elementor-element elementor-element-74c9f7fb e-con-full bdt-backdrop-filter-yes e-flex bdt-filter-backdrop e-con e-child\" data-id=\"74c9f7fb\" data-element_type=\"container\" data-e-type=\"container\">\n\t\t\t\t<div class=\"elementor-element elementor-element-d9e637f bdt-backdrop-filter-yes bdt-filter-backdrop elementor-widget elementor-widget-image\" data-id=\"d9e637f\" data-element_type=\"widget\" data-e-type=\"widget\" data-widget_type=\"image.default\">\n\t\t\t\t<div class=\"elementor-widget-container\">\n\t\t\t\t\t\t\t\t\t\t\t\t\t\t\t<img decoding=\"async\" src=\"https:\/\/bodywork-kaethe.de\/wp-content\/uploads\/2025\/06\/DSC07274_3.png\" title=\"\" alt=\"\" loading=\"lazy\" \/>\t\t\t\t\t\t\t\t\t\t\t\t\t\t\t<\/div>\n\t\t\t\t<\/div>\n\t\t\t\t<\/div>\n\t\t\t\t<\/div>\n\t\t\t\t\t<\/div>\n\t\t\t\t<\/div>\n\t\t<div class=\"elementor-element elementor-element-79de63dd e-con-full e-flex e-con e-child\" data-id=\"79de63dd\" data-element_type=\"container\" data-e-type=\"container\">\n\t\t\t\t<div class=\"elementor-element elementor-element-3b23e073 e-transform multiply-image elementor-widget elementor-widget-image\" data-id=\"3b23e073\" data-element_type=\"widget\" data-e-type=\"widget\" data-settings=\"{&quot;_transform_rotateZ_effect&quot;:{&quot;unit&quot;:&quot;px&quot;,&quot;size&quot;:0,&quot;sizes&quot;:[]},&quot;_transform_rotateZ_effect_tablet&quot;:{&quot;unit&quot;:&quot;deg&quot;,&quot;size&quot;:&quot;&quot;,&quot;sizes&quot;:[]},&quot;_transform_rotateZ_effect_mobile&quot;:{&quot;unit&quot;:&quot;deg&quot;,&quot;size&quot;:&quot;&quot;,&quot;sizes&quot;:[]}}\" data-widget_type=\"image.default\">\n\t\t\t\t<div class=\"elementor-widget-container\">\n\t\t\t\t\t\t\t\t\t\t\t\t\t\t\t<img decoding=\"async\" src=\"https:\/\/bodywork-kaethe.de\/wp-content\/uploads\/2025\/04\/Swhoosies_V01_Swooshi-1.png\" title=\"\" alt=\"\" loading=\"lazy\" \/>\t\t\t\t\t\t\t\t\t\t\t\t\t\t\t<\/div>\n\t\t\t\t<\/div>\n\t\t\t\t<\/div>\n\t\t\t\t<\/div>\n\t\t<div class=\"elementor-element elementor-element-14235a48 e-con-full e-flex e-con e-parent\" data-id=\"14235a48\" data-element_type=\"container\" data-e-type=\"container\" data-settings=\"{&quot;background_background&quot;:&quot;classic&quot;}\">\n\t\t<div class=\"elementor-element elementor-element-8eb1e59 elementor-hidden-mobile e-flex e-con-boxed e-con e-child\" data-id=\"8eb1e59\" data-element_type=\"container\" data-e-type=\"container\">\n\t\t\t\t\t<div class=\"e-con-inner\">\n\t\t\t\t<div class=\"elementor-element elementor-element-a71cdb0 multiply-image elementor-widget elementor-widget-image\" data-id=\"a71cdb0\" data-element_type=\"widget\" data-e-type=\"widget\" data-widget_type=\"image.default\">\n\t\t\t\t<div class=\"elementor-widget-container\">\n\t\t\t\t\t\t\t\t\t\t\t\t\t\t\t<img decoding=\"async\" src=\"https:\/\/bodywork-kaethe.de\/wp-content\/uploads\/2025\/04\/Hand_Zeichnung-15.png\" title=\"\" alt=\"\" loading=\"lazy\" \/>\t\t\t\t\t\t\t\t\t\t\t\t\t\t\t<\/div>\n\t\t\t\t<\/div>\n\t\t\t\t\t<\/div>\n\t\t\t\t<\/div>\n\t\t<div class=\"elementor-element elementor-element-5c22130e e-flex e-con-boxed e-con e-child\" data-id=\"5c22130e\" data-element_type=\"container\" data-e-type=\"container\">\n\t\t\t\t\t<div class=\"e-con-inner\">\n\t\t<div class=\"elementor-element elementor-element-79d5e17b e-con-full e-flex e-con e-child\" data-id=\"79d5e17b\" data-element_type=\"container\" data-e-type=\"container\">\n\t\t<div class=\"elementor-element elementor-element-464de999 e-con-full e-flex e-con e-child\" data-id=\"464de999\" data-element_type=\"container\" data-e-type=\"container\">\n\t\t<div class=\"elementor-element elementor-element-31aa9d5f e-con-full e-flex e-con e-child\" data-id=\"31aa9d5f\" data-element_type=\"container\" data-e-type=\"container\" data-settings=\"{&quot;background_background&quot;:&quot;classic&quot;}\">\n\t\t\t\t<div class=\"elementor-element elementor-element-7b8e010 elementor-widget elementor-widget-text-editor\" data-id=\"7b8e010\" data-element_type=\"widget\" data-e-type=\"widget\" data-widget_type=\"text-editor.default\">\n\t\t\t\t<div class=\"elementor-widget-container\">\n\t\t\t\t\t\t\t\t\t<p>Ausbildung &amp; Qualifikationen<\/p>\t\t\t\t\t\t\t\t<\/div>\n\t\t\t\t<\/div>\n\t\t\t\t<\/div>\n\t\t\t\t<\/div>\n\t\t<div class=\"elementor-element elementor-element-382d889d e-con-full e-flex e-con e-child\" data-id=\"382d889d\" data-element_type=\"container\" data-e-type=\"container\" data-settings=\"{&quot;background_background&quot;:&quot;classic&quot;}\">\n\t\t<div class=\"elementor-element elementor-element-6a9a4379 e-grid e-con-full e-con e-child\" data-id=\"6a9a4379\" data-element_type=\"container\" data-e-type=\"container\">\n\t\t\t\t<div class=\"elementor-element elementor-element-ec2e1eb elementor-widget elementor-widget-bdt-price-list\" data-id=\"ec2e1eb\" data-element_type=\"widget\" data-e-type=\"widget\" data-settings=\"{&quot;image_hide_on&quot;:[&quot;mobile&quot;]}\" data-widget_type=\"bdt-price-list.default\">\n\t\t\t\t<div class=\"elementor-widget-container\">\n\t\t\t\t\t\t\t\t\t<ul class=\"bdt-price-list\">\n\n\t\t\t\t\t\t\t<li class=\"bdt-price-list-item\">\n\t\t\t\t\t\t\t\t\t<div class=\"bdt-grid bdt-grid-collapse bdt-flex-middle \" onclick=\"window.open(&#039;https:\/\/www.sophiekinkel.de&#039;, &#039;_blank&#039;)\" bdt-grid>\n\n\t\t\t\t\n\t\t\t\t\t\t<div class=\"bdt-price-list-text bdt-width-expand\">\n\t\t\t\t\t\t\t<div>\n\t\t\t\t\t\t\t\t<div class=\"bdt-price-list-header bdt-grid bdt-grid-small bdt-flex-middle\" bdt-grid>\n\t\t\t\t\t\t\t\t\t<span class=\"bdt-price-list-title\">\n\t\t\t\t\t\t\t\t\t\tAssistenz bei Sophie Kinkel\t\t\t\t\t\t\t\t\t<\/span>\n\n\t\t\t\t\t\t\t\t\t<span class=\"bdt-price-list-separator bdt-width-expand\"><\/span>\n\n\t\t\t\t\t\t\t\t<\/div>\n\n\t\t\t\t\t\t\t\t\t\t\t\t\t\t\t<\/div>\n\t\t\t\t\t\t<\/div>\n\t\t\t\t\t\t<div class=\"bdt-width-auto bdt-flex-inline bdt-flex-middle\">\n\t\t\t\t\t\t\t\t\t\t\t\t\t\t<span class=\"bdt-price-list-price bdt-flex bdt-flex-middle bdt-flex-center\">\n\t\t\t\t\t\t\t\tseit 2024\t\t\t\t\t\t\t<\/span>\n\t\t\t\t\t\t<\/div>\n\n\t\t\t\t\t\t\n\t\t\t\t\t\t<\/div><\/li>\n\t\t\t\t\t\t\t<li class=\"bdt-price-list-item\">\n\t\t\t\t\t\t\t\t\t<div class=\"bdt-grid bdt-grid-collapse bdt-flex-middle \" onclick=\"window.open(&#039;#&#039;, &#039;_self&#039;)\" bdt-grid>\n\n\t\t\t\t\n\t\t\t\t\t\t<div class=\"bdt-price-list-text bdt-width-expand\">\n\t\t\t\t\t\t\t<div>\n\t\t\t\t\t\t\t\t<div class=\"bdt-price-list-header bdt-grid bdt-grid-small bdt-flex-middle\" bdt-grid>\n\t\t\t\t\t\t\t\t\t<span class=\"bdt-price-list-title\">\n\t\t\t\t\t\t\t\t\t\tWorkshops f\u00fcr k\u00f6rperliche Selbsterfahrungen\t\t\t\t\t\t\t\t\t<\/span>\n\n\t\t\t\t\t\t\t\t\t<span class=\"bdt-price-list-separator bdt-width-expand\"><\/span>\n\n\t\t\t\t\t\t\t\t<\/div>\n\n\t\t\t\t\t\t\t\t\t\t\t\t\t\t\t<\/div>\n\t\t\t\t\t\t<\/div>\n\t\t\t\t\t\t<div class=\"bdt-width-auto bdt-flex-inline bdt-flex-middle\">\n\t\t\t\t\t\t\t\t\t\t\t\t\t\t<span class=\"bdt-price-list-price bdt-flex bdt-flex-middle bdt-flex-center\">\n\t\t\t\t\t\t\t\tseit 2022\t\t\t\t\t\t\t<\/span>\n\t\t\t\t\t\t<\/div>\n\n\t\t\t\t\t\t\n\t\t\t\t\t\t<\/div><\/li>\n\t\t\t\t\t\t\t<li class=\"bdt-price-list-item\">\n\t\t\t\t\t\t\t\t\t<div class=\"bdt-grid bdt-grid-collapse bdt-flex-middle \" onclick=\"window.open(&#039;https:\/\/www.sophiekinkel.de&#039;, &#039;_blank&#039;)\" bdt-grid>\n\n\t\t\t\t\n\t\t\t\t\t\t<div class=\"bdt-price-list-text bdt-width-expand\">\n\t\t\t\t\t\t\t<div>\n\t\t\t\t\t\t\t\t<div class=\"bdt-price-list-header bdt-grid bdt-grid-small bdt-flex-middle\" bdt-grid>\n\t\t\t\t\t\t\t\t\t<span class=\"bdt-price-list-title\">\n\t\t\t\t\t\t\t\t\t\tTransformative Bodywork Ausbildung (Sophie Kinkel Berlin)\t\t\t\t\t\t\t\t\t<\/span>\n\n\t\t\t\t\t\t\t\t\t<span class=\"bdt-price-list-separator bdt-width-expand\"><\/span>\n\n\t\t\t\t\t\t\t\t<\/div>\n\n\t\t\t\t\t\t\t\t\t\t\t\t\t\t\t<\/div>\n\t\t\t\t\t\t<\/div>\n\t\t\t\t\t\t<div class=\"bdt-width-auto bdt-flex-inline bdt-flex-middle\">\n\t\t\t\t\t\t\t\t\t\t\t\t\t\t<span class=\"bdt-price-list-price bdt-flex bdt-flex-middle bdt-flex-center\">\n\t\t\t\t\t\t\t\t2021 - 2024\t\t\t\t\t\t\t<\/span>\n\t\t\t\t\t\t<\/div>\n\n\t\t\t\t\t\t\n\t\t\t\t\t\t<\/div><\/li>\n\t\t\t\t\t\t\t<li class=\"bdt-price-list-item\">\n\t\t\t\t\t\t\t\t\t<div class=\"bdt-grid bdt-grid-collapse bdt-flex-middle \" onclick=\"window.open(&#039;#&#039;, &#039;_self&#039;)\" bdt-grid>\n\n\t\t\t\t\n\t\t\t\t\t\t<div class=\"bdt-price-list-text bdt-width-expand\">\n\t\t\t\t\t\t\t<div>\n\t\t\t\t\t\t\t\t<div class=\"bdt-price-list-header bdt-grid bdt-grid-small bdt-flex-middle\" bdt-grid>\n\t\t\t\t\t\t\t\t\t<span class=\"bdt-price-list-title\">\n\t\t\t\t\t\t\t\t\t\tIntegriertes Design Dessau\t\t\t\t\t\t\t\t\t<\/span>\n\n\t\t\t\t\t\t\t\t\t<span class=\"bdt-price-list-separator bdt-width-expand\"><\/span>\n\n\t\t\t\t\t\t\t\t<\/div>\n\n\t\t\t\t\t\t\t\t\t\t\t\t\t\t\t<\/div>\n\t\t\t\t\t\t<\/div>\n\t\t\t\t\t\t<div class=\"bdt-width-auto bdt-flex-inline bdt-flex-middle\">\n\t\t\t\t\t\t\t\t\t\t\t\t\t\t<span class=\"bdt-price-list-price bdt-flex bdt-flex-middle bdt-flex-center\">\n\t\t\t\t\t\t\t\t2015 - 2020\t\t\t\t\t\t\t<\/span>\n\t\t\t\t\t\t<\/div>\n\n\t\t\t\t\t\t\n\t\t\t\t\t\t<\/div><\/li>\n\t\t\t\t\t\n\t\t\t\t<\/ul>\n\t\t\t\t\t\t\t\t<\/div>\n\t\t\t\t<\/div>\n\t\t\t\t<div class=\"elementor-element elementor-element-1028ffeb elementor-hidden-tablet elementor-widget elementor-widget-image\" data-id=\"1028ffeb\" data-element_type=\"widget\" data-e-type=\"widget\" id=\"multiply-image\" data-widget_type=\"image.default\">\n\t\t\t\t<div class=\"elementor-widget-container\">\n\t\t\t\t\t\t\t\t\t\t\t\t\t\t\t<img decoding=\"async\" src=\"https:\/\/bodywork-kaethe.de\/wp-content\/uploads\/2025\/04\/Swhoosies_V04_Swooshi.png\" title=\"\" alt=\"\" loading=\"lazy\" \/>\t\t\t\t\t\t\t\t\t\t\t\t\t\t\t<\/div>\n\t\t\t\t<\/div>\n\t\t\t\t<\/div>\n\t\t\t\t<\/div>\n\t\t\t\t<\/div>\n\t\t\t\t\t<\/div>\n\t\t\t\t<\/div>\n\t\t<div class=\"elementor-element elementor-element-5bd46d65 e-con-full elementor-hidden-mobile e-flex e-con e-child\" data-id=\"5bd46d65\" data-element_type=\"container\" data-e-type=\"container\">\n\t\t\t\t<div class=\"elementor-element elementor-element-2e3b8d56 multiply-image elementor-widget elementor-widget-image\" data-id=\"2e3b8d56\" data-element_type=\"widget\" data-e-type=\"widget\" data-widget_type=\"image.default\">\n\t\t\t\t<div class=\"elementor-widget-container\">\n\t\t\t\t\t\t\t\t\t\t\t\t\t\t\t<img decoding=\"async\" src=\"https:\/\/bodywork-kaethe.de\/wp-content\/uploads\/2025\/04\/Hand_Zeichnung-12.png\" title=\"\" alt=\"\" loading=\"lazy\" \/>\t\t\t\t\t\t\t\t\t\t\t\t\t\t\t<\/div>\n\t\t\t\t<\/div>\n\t\t\t\t<\/div>\n\t\t<div data-ep-wrapper-link=\"{&quot;url&quot;:&quot;#top&quot;,&quot;is_external&quot;:&quot;&quot;,&quot;nofollow&quot;:&quot;&quot;,&quot;custom_attributes&quot;:&quot;&quot;}\" style=\"cursor: pointer\" class=\"bdt-element-link elementor-element elementor-element-7fe56d3e e-flex e-con-boxed e-con e-child\" data-id=\"7fe56d3e\" data-element_type=\"container\" data-e-type=\"container\">\n\t\t\t\t\t<div class=\"e-con-inner\">\n\t\t<div class=\"elementor-element elementor-element-26c791f0 e-grid e-con-full e-con e-child\" data-id=\"26c791f0\" data-element_type=\"container\" data-e-type=\"container\">\n\t\t\t\t<div class=\"elementor-element elementor-element-636d2cdd elementor-align-right elementor-mobile-align-center elementor-widget elementor-widget-button\" data-id=\"636d2cdd\" data-element_type=\"widget\" data-e-type=\"widget\" data-widget_type=\"button.default\">\n\t\t\t\t<div class=\"elementor-widget-container\">\n\t\t\t\t\t\t\t\t\t<div class=\"elementor-button-wrapper\">\n\t\t\t\t\t<a class=\"elementor-button elementor-button-link elementor-size-sm\" href=\"#top\">\n\t\t\t\t\t\t<span class=\"elementor-button-content-wrapper\">\n\t\t\t\t\t\t\t\t\t<span class=\"elementor-button-text\">WIEDER NACH OBEN<\/span>\n\t\t\t\t\t<\/span>\n\t\t\t\t\t<\/a>\n\t\t\t\t<\/div>\n\t\t\t\t\t\t\t\t<\/div>\n\t\t\t\t<\/div>\n\t\t\t\t<div class=\"elementor-element elementor-element-b58e604 elementor-widget elementor-widget-image\" data-id=\"b58e604\" data-element_type=\"widget\" data-e-type=\"widget\" data-widget_type=\"image.default\">\n\t\t\t\t<div class=\"elementor-widget-container\">\n\t\t\t\t\t\t\t\t\t\t\t\t\t\t\t<img decoding=\"async\" src=\"https:\/\/bodywork-kaethe.de\/wp-content\/uploads\/2025\/06\/Kaethe_Hand_Outline-16.png\" title=\"\" alt=\"\" loading=\"lazy\" \/>\t\t\t\t\t\t\t\t\t\t\t\t\t\t\t<\/div>\n\t\t\t\t<\/div>\n\t\t\t\t<\/div>\n\t\t\t\t\t<\/div>\n\t\t\t\t<\/div>\n\t\t\t\t<\/div>\n\t\t\t\t<\/div>\n\t\t","protected":false},"excerpt":{"rendered":"<p>\u00dcber mich Hallo, ich bin K\u00e4the Als Designerin besch\u00e4ftigt mich seit dem Studium der Einfluss meiner Gestaltung auf den Menschen als emotionales Wesen. Ich kreiere und erforsche Begegnungsr\u00e4ume zu sinnlichen, vulnerablen, emotionalen und gesellschaftlichen Themen. Meine Arbeit zielt auf die Zug\u00e4nglichkeit tabuisierter, stigmatisierter und besch\u00e4mter Bereiche ab. Ich gestalte Angebote (Ausstellungen, Workshops, Objekte, Installationen etc.) [&hellip;]<\/p>\n","protected":false},"author":1,"featured_media":0,"parent":0,"menu_order":0,"comment_status":"closed","ping_status":"closed","template":"","meta":{"footnotes":""},"class_list":["post-362","page","type-page","status-publish","hentry"],"_links":{"self":[{"href":"https:\/\/bodywork-kaethe.de\/en\/wp-json\/wp\/v2\/pages\/362","targetHints":{"allow":["GET"]}}],"collection":[{"href":"https:\/\/bodywork-kaethe.de\/en\/wp-json\/wp\/v2\/pages"}],"about":[{"href":"https:\/\/bodywork-kaethe.de\/en\/wp-json\/wp\/v2\/types\/page"}],"author":[{"embeddable":true,"href":"https:\/\/bodywork-kaethe.de\/en\/wp-json\/wp\/v2\/users\/1"}],"replies":[{"embeddable":true,"href":"https:\/\/bodywork-kaethe.de\/en\/wp-json\/wp\/v2\/comments?post=362"}],"version-history":[{"count":139,"href":"https:\/\/bodywork-kaethe.de\/en\/wp-json\/wp\/v2\/pages\/362\/revisions"}],"predecessor-version":[{"id":1267,"href":"https:\/\/bodywork-kaethe.de\/en\/wp-json\/wp\/v2\/pages\/362\/revisions\/1267"}],"wp:attachment":[{"href":"https:\/\/bodywork-kaethe.de\/en\/wp-json\/wp\/v2\/media?parent=362"}],"curies":[{"name":"wp","href":"https:\/\/api.w.org\/{rel}","templated":true}]}}